{"id":1163,"date":"2024-06-25T07:02:32","date_gmt":"2024-06-25T10:02:32","guid":{"rendered":"https:\/\/ttt.gm360.com.br\/?page_id=1163"},"modified":"2024-09-02T06:24:18","modified_gmt":"2024-09-02T09:24:18","slug":"imagens-vivas","status":"publish","type":"page","link":"https:\/\/ttt.gm360.com.br\/index.php\/imagens-vivas\/","title":{"rendered":"Imagens Vivas"},"content":{"rendered":"\t\t<div data-elementor-type=\"wp-page\" data-elementor-id=\"1163\" class=\"elementor elementor-1163\">\n\t\t\t\t\t\t\t<div class=\"elementor-element elementor-element-739e41e e-flex e-con-boxed e-con\" data-id=\"739e41e\" data-element_type=\"container\" data-settings=\"{&quot;background_background&quot;:&quot;classic&quot;,&quot;content_width&quot;:&quot;boxed&quot;}\">\n\t\t\t\t\t<div class=\"e-con-inner\">\n\t\t<div class=\"elementor-element elementor-element-647aec4 e-con-full e-flex e-con\" data-id=\"647aec4\" data-element_type=\"container\" data-settings=\"{&quot;content_width&quot;:&quot;full&quot;}\">\n\t\t\t\t<div class=\"elementor-element elementor-element-eeb1f6b elementor-widget elementor-widget-image\" data-id=\"eeb1f6b\" data-element_type=\"widget\" data-widget_type=\"image.default\">\n\t\t\t\t<div class=\"elementor-widget-container\">\n\t\t\t<style>\/*! elementor - v3.14.0 - 18-06-2023 *\/\n.elementor-widget-image{text-align:center}.elementor-widget-image a{display:inline-block}.elementor-widget-image a img[src$=\".svg\"]{width:48px}.elementor-widget-image img{vertical-align:middle;display:inline-block}<\/style>\t\t\t\t\t\t\t\t\t\t\t\t<img decoding=\"async\" width=\"116\" height=\"100\" src=\"https:\/\/ttt.gm360.com.br\/wp-content\/uploads\/2023\/06\/logo4.png\" class=\"attachment-large size-large wp-image-6\" alt=\"\" loading=\"lazy\" \/>\t\t\t\t\t\t\t\t\t\t\t\t\t\t\t<\/div>\n\t\t\t\t<\/div>\n\t\t\t\t<\/div>\n\t\t\t\t\t<\/div>\n\t\t\t\t<\/div>\n\t\t<div class=\"elementor-element elementor-element-94d272b e-con-full e-flex e-con\" data-id=\"94d272b\" data-element_type=\"container\" data-settings=\"{&quot;content_width&quot;:&quot;full&quot;}\">\n\t\t\t\t<div class=\"elementor-element elementor-element-7835969 elementor-widget elementor-widget-image\" data-id=\"7835969\" data-element_type=\"widget\" data-widget_type=\"image.default\">\n\t\t\t\t<div class=\"elementor-widget-container\">\n\t\t\t\t\t\t\t\t\t\t\t\t\t\t\t<img decoding=\"async\" width=\"1536\" height=\"1025\" src=\"https:\/\/ttt.gm360.com.br\/wp-content\/uploads\/2024\/06\/GDM_2011-WEB_-2000PX-2-1536x1025.jpg\" class=\"attachment-1536x1536 size-1536x1536 wp-image-1168\" alt=\"\" loading=\"lazy\" srcset=\"https:\/\/ttt.gm360.com.br\/wp-content\/uploads\/2024\/06\/GDM_2011-WEB_-2000PX-2-1536x1025.jpg 1536w, https:\/\/ttt.gm360.com.br\/wp-content\/uploads\/2024\/06\/GDM_2011-WEB_-2000PX-2-300x200.jpg 300w, https:\/\/ttt.gm360.com.br\/wp-content\/uploads\/2024\/06\/GDM_2011-WEB_-2000PX-2-1024x684.jpg 1024w, https:\/\/ttt.gm360.com.br\/wp-content\/uploads\/2024\/06\/GDM_2011-WEB_-2000PX-2-768x513.jpg 768w, https:\/\/ttt.gm360.com.br\/wp-content\/uploads\/2024\/06\/GDM_2011-WEB_-2000PX-2.jpg 2000w\" sizes=\"(max-width: 1536px) 100vw, 1536px\" \/>\t\t\t\t\t\t\t\t\t\t\t\t\t\t\t<\/div>\n\t\t\t\t<\/div>\n\t\t\t\t<\/div>\n\t\t<div class=\"elementor-element elementor-element-3b24c552 e-flex e-con-boxed e-con\" data-id=\"3b24c552\" data-element_type=\"container\" data-settings=\"{&quot;content_width&quot;:&quot;boxed&quot;}\">\n\t\t\t\t\t<div class=\"e-con-inner\">\n\t\t\t\t<div class=\"elementor-element elementor-element-604ae9e3 elementor-widget elementor-widget-video\" data-id=\"604ae9e3\" data-element_type=\"widget\" data-settings=\"{&quot;youtube_url&quot;:&quot;https:\\\/\\\/youtu.be\\\/3pp2G9ilF6w&quot;,&quot;video_type&quot;:&quot;youtube&quot;,&quot;controls&quot;:&quot;yes&quot;}\" data-widget_type=\"video.default\">\n\t\t\t\t<div class=\"elementor-widget-container\">\n\t\t\t<style>\/*! elementor - v3.14.0 - 18-06-2023 *\/\n.elementor-widget-video .elementor-widget-container{overflow:hidden;transform:translateZ(0)}.elementor-widget-video .elementor-wrapper{aspect-ratio:var(--video-aspect-ratio)}.elementor-widget-video .elementor-wrapper iframe,.elementor-widget-video .elementor-wrapper video{height:100%;width:100%;display:flex;border:none;background-color:#000}@supports not (aspect-ratio:1\/1){.elementor-widget-video .elementor-wrapper{position:relative;overflow:hidden;height:0;padding-bottom:calc(100% \/ var(--video-aspect-ratio))}.elementor-widget-video .elementor-wrapper iframe,.elementor-widget-video .elementor-wrapper video{position:absolute;top:0;right:0;bottom:0;left:0}}.elementor-widget-video .elementor-open-inline .elementor-custom-embed-image-overlay{position:absolute;top:0;left:0;width:100%;height:100%;background-size:cover;background-position:50%}.elementor-widget-video .elementor-custom-embed-image-overlay{cursor:pointer;text-align:center}.elementor-widget-video .elementor-custom-embed-image-overlay:hover .elementor-custom-embed-play i{opacity:1}.elementor-widget-video .elementor-custom-embed-image-overlay img{display:block;width:100%}.elementor-widget-video .e-hosted-video .elementor-video{-o-object-fit:cover;object-fit:cover}.e-con-inner>.elementor-widget-video,.e-con>.elementor-widget-video{width:var(--container-widget-width);--flex-grow:var(--container-widget-flex-grow)}<\/style>\t\t<div class=\"elementor-wrapper elementor-open-inline\">\n\t\t\t<div class=\"elementor-video\"><\/div>\t\t<\/div>\n\t\t\t\t<\/div>\n\t\t\t\t<\/div>\n\t\t\t\t\t<\/div>\n\t\t\t\t<\/div>\n\t\t<div class=\"elementor-element elementor-element-2942900 e-flex e-con-boxed e-con\" data-id=\"2942900\" data-element_type=\"container\" data-settings=\"{&quot;content_width&quot;:&quot;boxed&quot;}\">\n\t\t\t\t\t<div class=\"e-con-inner\">\n\t\t<div class=\"elementor-element elementor-element-e16b2d4 e-con-full e-flex e-con\" data-id=\"e16b2d4\" data-element_type=\"container\" data-settings=\"{&quot;content_width&quot;:&quot;full&quot;}\">\n\t\t\t\t<div class=\"elementor-element elementor-element-03123a9 elementor-widget elementor-widget-vapfem_audio_player\" data-id=\"03123a9\" data-element_type=\"widget\" data-widget_type=\"vapfem_audio_player.default\">\n\t\t\t\t<div class=\"elementor-widget-container\">\n\t\t\t        <audio\r\n            class=\"vapfem_player vapfem_audio\" \r\n            data-settings='{\"muted\":\"false\",\"seek_time\":10,\"tooltips_seek\":\"true\",\"invertTime\":\"true\",\"speed_selected\":\"1\",\"controls\":[\"play\",\"progress\",\"mute\",\"volume\",\"settings\"],\"debug_mode\":\"false\"}' \r\n                         \r\n            preload=\"upload\"\r\n        >\r\n            <source\r\n                src=\"https:\/\/ttt.gm360.com.br\/wp-content\/uploads\/2023\/06\/Faixa-03-V2_1.mp3\"\r\n                type=\"audio\/mp3\"\r\n            \/>\r\n        <\/audio>\r\n        \t\t<\/div>\n\t\t\t\t<\/div>\n\t\t\t\t<div class=\"elementor-element elementor-element-f807d3f elementor-widget elementor-widget-heading\" data-id=\"f807d3f\" data-element_type=\"widget\" data-widget_type=\"heading.default\">\n\t\t\t\t<div class=\"elementor-widget-container\">\n\t\t\t<style>\/*! elementor - v3.14.0 - 18-06-2023 *\/\n.elementor-heading-title{padding:0;margin:0;line-height:1}.elementor-widget-heading .elementor-heading-title[class*=elementor-size-]>a{color:inherit;font-size:inherit;line-height:inherit}.elementor-widget-heading .elementor-heading-title.elementor-size-small{font-size:15px}.elementor-widget-heading .elementor-heading-title.elementor-size-medium{font-size:19px}.elementor-widget-heading .elementor-heading-title.elementor-size-large{font-size:29px}.elementor-widget-heading .elementor-heading-title.elementor-size-xl{font-size:39px}.elementor-widget-heading .elementor-heading-title.elementor-size-xxl{font-size:59px}<\/style><h2 class=\"elementor-heading-title elementor-size-default\">Imagens Vivas<\/h2>\t\t<\/div>\n\t\t\t\t<\/div>\n\t\t\t\t<\/div>\n\t\t<div class=\"elementor-element elementor-element-af7028c e-con-full e-flex e-con\" data-id=\"af7028c\" data-element_type=\"container\" data-settings=\"{&quot;content_width&quot;:&quot;full&quot;}\">\n\t\t\t\t<div class=\"elementor-element elementor-element-97d988d elementor-widget elementor-widget-text-editor\" data-id=\"97d988d\" data-element_type=\"widget\" data-widget_type=\"text-editor.default\">\n\t\t\t\t<div class=\"elementor-widget-container\">\n\t\t\t<style>\/*! elementor - v3.14.0 - 18-06-2023 *\/\n.elementor-widget-text-editor.elementor-drop-cap-view-stacked .elementor-drop-cap{background-color:#69727d;color:#fff}.elementor-widget-text-editor.elementor-drop-cap-view-framed .elementor-drop-cap{color:#69727d;border:3px solid;background-color:transparent}.elementor-widget-text-editor:not(.elementor-drop-cap-view-default) .elementor-drop-cap{margin-top:8px}.elementor-widget-text-editor:not(.elementor-drop-cap-view-default) .elementor-drop-cap-letter{width:1em;height:1em}.elementor-widget-text-editor .elementor-drop-cap{float:left;text-align:center;line-height:1;font-size:50px}.elementor-widget-text-editor .elementor-drop-cap-letter{display:inline-block}<\/style>\t\t\t\t<p>Quando decidiu engajar-se em seu projeto terra terreno territ\u00f3rio, Dani Sandrini tinha por objetivo ampliar o debate sobre o que \u00e9 ser ind\u00edgena numa cidade como S\u00e3o Paulo. Em busca de uma documenta\u00e7\u00e3o fotogr\u00e1fica \u00e0 altura da relev\u00e2ncia pol\u00edtica e cultural de seu tema, produziu imagens com beleza e serenidade que se mostram como consequ\u00eancias naturais de quem fotografa ciente de que as experi\u00eancias cotidianas e as rela\u00e7\u00f5es interpessoais consistem em algo muito mais importante do que as pr\u00f3prias fotografias que podem ser dali extra\u00eddas.<\/p><p>Capturadas digitalmente, as imagens foram impressas em transpar\u00eancias, gerando grandes negativos colocados em contato direto com dois tipos de suportes: pap\u00e9is de algod\u00e3o sensibilizados por uma emuls\u00e3o \u00e0 base de jenipapo (fruto que tamb\u00e9m \u00e9 usado<br \/>para a pintura corporal dos ind\u00edgenas), e em folhas de plantas, processo este conhecido como fitotipia. Ambos os procedimentos<br \/>exigiram longos per\u00edodos de exposi\u00e7\u00e3o ao sol \u2013 dias, \u00e0s vezes, semanas \u2013 permitindo a constru\u00e7\u00e3o artesanal das impress\u00f5es sob uma temporalidade impens\u00e1vel para a pr\u00e1tica fotogr\u00e1fica vigente, baseada na ferocidade do click, share &amp; like.<\/p><p>A op\u00e7\u00e3o por tais formatos definiu a estas imagens uma dimens\u00e3o material extremamente fr\u00e1gil, que as distanciam da longevidade dos sais de prata dos filmes fotogr\u00e1ficos ou dos bytes dos arquivos digitais. Como esp\u00e9cies de &#8220;fotografias org\u00e2nicas&#8221;, estas imagens est\u00e3o destinadas ao desaparecimento, pois tendem a se deteriorar rapidamente sob a a\u00e7\u00e3o da luz. Sendo permitido a elas, portanto, uma &#8220;morte&#8221;, seriam elas mais &#8220;vivas&#8221; que as fotografias normalmente arquivadas como documentos iconogr\u00e1ficos? Fr\u00e1geis enquanto ind\u00edcios perenes, tais imagens parecem convocar com mais for\u00e7a nossa sensibilidade e nossos olhares para o tempo presente destas comunidades, exigindo uma reflex\u00e3o a respeito da responsabilidade que nos cabe frente \u00e0 constru\u00e7\u00e3o desta hist\u00f3ria que est\u00e1 em andamento.<\/p><p><em>&#8220;Falando da fotografia, parece (parece?) que estou falando da vida&#8221;<\/em>, nos diz Dani Sandrini, fazendo-nos imediatamente associar a fragilidade destas imagens \u00e0 pr\u00f3pria fragilidade de todo e qualquer tipo de vida. Aqui, contemplamos as imagens como algo que desaparecer\u00e1, e isso nos d\u00e1 a chance de realizar um exerc\u00edcio que n\u00e3o deveria se estender, em hip\u00f3tese alguma, \u00e0s cenas e<br \/>personagens que foram capazes de promover toda a experi\u00eancia que se configura nesta exposi\u00e7\u00e3o: com a exist\u00eancia dos ind\u00edgenas legitimada no presente, temos a chance de poder validar a import\u00e2ncia da diversidade cultural e assim, respeit\u00e1-la como forma de garantir todos os benef\u00edcios que uma conviv\u00eancia harmoniosa pode ser capaz de gerar.<\/p><p><strong>Wagner Souza e Silva<\/strong><br \/><strong>curador<\/strong><\/p>\t\t\t\t\t\t<\/div>\n\t\t\t\t<\/div>\n\t\t\t\t<\/div>\n\t\t\t\t\t<\/div>\n\t\t\t\t<\/div>\n\t\t\t\t\t\t\t<\/div>\n\t\t","protected":false},"excerpt":{"rendered":"<p>Imagens Vivas Quando decidiu engajar-se em seu projeto terra terreno territ\u00f3rio, Dani Sandrini tinha por objetivo ampliar o debate sobre o que \u00e9 ser ind\u00edgena numa cidade como S\u00e3o Paulo. Em busca de uma documenta\u00e7\u00e3o fotogr\u00e1fica \u00e0 altura da relev\u00e2ncia pol\u00edtica e cultural de seu tema, produziu imagens com beleza e serenidade que se mostram [&hellip;]<\/p>\n","protected":false},"author":1,"featured_media":0,"parent":0,"menu_order":0,"comment_status":"closed","ping_status":"closed","template":"elementor_canvas","meta":[],"_links":{"self":[{"href":"https:\/\/ttt.gm360.com.br\/index.php\/wp-json\/wp\/v2\/pages\/1163"}],"collection":[{"href":"https:\/\/ttt.gm360.com.br\/index.php\/wp-json\/wp\/v2\/pages"}],"about":[{"href":"https:\/\/ttt.gm360.com.br\/index.php\/wp-json\/wp\/v2\/types\/page"}],"author":[{"embeddable":true,"href":"https:\/\/ttt.gm360.com.br\/index.php\/wp-json\/wp\/v2\/users\/1"}],"replies":[{"embeddable":true,"href":"https:\/\/ttt.gm360.com.br\/index.php\/wp-json\/wp\/v2\/comments?post=1163"}],"version-history":[{"count":13,"href":"https:\/\/ttt.gm360.com.br\/index.php\/wp-json\/wp\/v2\/pages\/1163\/revisions"}],"predecessor-version":[{"id":1236,"href":"https:\/\/ttt.gm360.com.br\/index.php\/wp-json\/wp\/v2\/pages\/1163\/revisions\/1236"}],"wp:attachment":[{"href":"https:\/\/ttt.gm360.com.br\/index.php\/wp-json\/wp\/v2\/media?parent=1163"}],"curies":[{"name":"wp","href":"https:\/\/api.w.org\/{rel}","templated":true}]}}