{"id":1223,"date":"2024-09-02T05:55:07","date_gmt":"2024-09-02T08:55:07","guid":{"rendered":"https:\/\/ttt.gm360.com.br\/?page_id=1223"},"modified":"2024-09-02T06:02:53","modified_gmt":"2024-09-02T09:02:53","slug":"espaco-galeria-sesi-sp","status":"publish","type":"page","link":"https:\/\/ttt.gm360.com.br\/index.php\/espaco-galeria-sesi-sp\/","title":{"rendered":"Espa\u00e7o Galeria SESI SP"},"content":{"rendered":"\t\t<div data-elementor-type=\"wp-page\" data-elementor-id=\"1223\" class=\"elementor elementor-1223\">\n\t\t\t\t\t\t\t<div class=\"elementor-element elementor-element-732da95e e-flex e-con-boxed e-con\" data-id=\"732da95e\" data-element_type=\"container\" data-settings=\"{&quot;background_background&quot;:&quot;classic&quot;,&quot;content_width&quot;:&quot;boxed&quot;}\">\n\t\t\t\t\t<div class=\"e-con-inner\">\n\t\t<div class=\"elementor-element elementor-element-19a682b2 e-con-full e-flex e-con\" data-id=\"19a682b2\" data-element_type=\"container\" data-settings=\"{&quot;content_width&quot;:&quot;full&quot;}\">\n\t\t\t\t<div class=\"elementor-element elementor-element-35367d21 elementor-widget elementor-widget-image\" data-id=\"35367d21\" data-element_type=\"widget\" data-widget_type=\"image.default\">\n\t\t\t\t<div class=\"elementor-widget-container\">\n\t\t\t<style>\/*! elementor - v3.14.0 - 18-06-2023 *\/\n.elementor-widget-image{text-align:center}.elementor-widget-image a{display:inline-block}.elementor-widget-image a img[src$=\".svg\"]{width:48px}.elementor-widget-image img{vertical-align:middle;display:inline-block}<\/style>\t\t\t\t\t\t\t\t\t\t\t\t<img decoding=\"async\" width=\"116\" height=\"100\" src=\"https:\/\/ttt.gm360.com.br\/wp-content\/uploads\/2023\/06\/logo4.png\" class=\"attachment-large size-large wp-image-6\" alt=\"\" loading=\"lazy\" \/>\t\t\t\t\t\t\t\t\t\t\t\t\t\t\t<\/div>\n\t\t\t\t<\/div>\n\t\t\t\t<\/div>\n\t\t\t\t\t<\/div>\n\t\t\t\t<\/div>\n\t\t<div class=\"elementor-element elementor-element-a04154b e-flex e-con-boxed e-con\" data-id=\"a04154b\" data-element_type=\"container\" data-settings=\"{&quot;content_width&quot;:&quot;boxed&quot;}\">\n\t\t\t\t\t<div class=\"e-con-inner\">\n\t\t\t\t<div class=\"elementor-element elementor-element-4d3dabc elementor-widget elementor-widget-video\" data-id=\"4d3dabc\" data-element_type=\"widget\" data-settings=\"{&quot;youtube_url&quot;:&quot;https:\\\/\\\/www.youtube.com\\\/watch?v=BpHRUBjegn0&quot;,&quot;video_type&quot;:&quot;youtube&quot;,&quot;controls&quot;:&quot;yes&quot;}\" data-widget_type=\"video.default\">\n\t\t\t\t<div class=\"elementor-widget-container\">\n\t\t\t<style>\/*! elementor - v3.14.0 - 18-06-2023 *\/\n.elementor-widget-video .elementor-widget-container{overflow:hidden;transform:translateZ(0)}.elementor-widget-video .elementor-wrapper{aspect-ratio:var(--video-aspect-ratio)}.elementor-widget-video .elementor-wrapper iframe,.elementor-widget-video .elementor-wrapper video{height:100%;width:100%;display:flex;border:none;background-color:#000}@supports not (aspect-ratio:1\/1){.elementor-widget-video .elementor-wrapper{position:relative;overflow:hidden;height:0;padding-bottom:calc(100% \/ var(--video-aspect-ratio))}.elementor-widget-video .elementor-wrapper iframe,.elementor-widget-video .elementor-wrapper video{position:absolute;top:0;right:0;bottom:0;left:0}}.elementor-widget-video .elementor-open-inline .elementor-custom-embed-image-overlay{position:absolute;top:0;left:0;width:100%;height:100%;background-size:cover;background-position:50%}.elementor-widget-video .elementor-custom-embed-image-overlay{cursor:pointer;text-align:center}.elementor-widget-video .elementor-custom-embed-image-overlay:hover .elementor-custom-embed-play i{opacity:1}.elementor-widget-video .elementor-custom-embed-image-overlay img{display:block;width:100%}.elementor-widget-video .e-hosted-video .elementor-video{-o-object-fit:cover;object-fit:cover}.e-con-inner>.elementor-widget-video,.e-con>.elementor-widget-video{width:var(--container-widget-width);--flex-grow:var(--container-widget-flex-grow)}<\/style>\t\t<div class=\"elementor-wrapper elementor-open-inline\">\n\t\t\t<div class=\"elementor-video\"><\/div>\t\t<\/div>\n\t\t\t\t<\/div>\n\t\t\t\t<\/div>\n\t\t\t\t\t<\/div>\n\t\t\t\t<\/div>\n\t\t<div class=\"elementor-element elementor-element-914ddf8 e-flex e-con-boxed e-con\" data-id=\"914ddf8\" data-element_type=\"container\" data-settings=\"{&quot;content_width&quot;:&quot;boxed&quot;}\">\n\t\t\t\t\t<div class=\"e-con-inner\">\n\t\t\t\t<div class=\"elementor-element elementor-element-ed1e8a8 elementor-widget elementor-widget-vapfem_audio_player\" data-id=\"ed1e8a8\" data-element_type=\"widget\" data-widget_type=\"vapfem_audio_player.default\">\n\t\t\t\t<div class=\"elementor-widget-container\">\n\t\t\t        <audio\r\n            class=\"vapfem_player vapfem_audio\" \r\n            data-settings='{\"muted\":\"false\",\"seek_time\":10,\"tooltips_seek\":\"true\",\"invertTime\":\"true\",\"speed_selected\":\"1\",\"controls\":[\"play\",\"progress\",\"mute\",\"volume\",\"settings\"],\"debug_mode\":\"false\"}' \r\n                         \r\n            preload=\"upload\"\r\n        >\r\n            <source\r\n                src=\"https:\/\/ttt.gm360.com.br\/wp-content\/uploads\/2024\/09\/Copia-de-FAIXA-05_TEXTO-SESI_TERRA-TERRENO.mp3\"\r\n                type=\"audio\/mp3\"\r\n            \/>\r\n        <\/audio>\r\n        \t\t<\/div>\n\t\t\t\t<\/div>\n\t\t\t\t\t<\/div>\n\t\t\t\t<\/div>\n\t\t<div class=\"elementor-element elementor-element-41d8fe2a e-flex e-con-boxed e-con\" data-id=\"41d8fe2a\" data-element_type=\"container\" data-settings=\"{&quot;content_width&quot;:&quot;boxed&quot;}\">\n\t\t\t\t\t<div class=\"e-con-inner\">\n\t\t<div class=\"elementor-element elementor-element-36dbce43 e-con-full e-flex e-con\" data-id=\"36dbce43\" data-element_type=\"container\" data-settings=\"{&quot;content_width&quot;:&quot;full&quot;}\">\n\t\t\t\t<div class=\"elementor-element elementor-element-57b540d9 elementor-widget elementor-widget-heading\" data-id=\"57b540d9\" data-element_type=\"widget\" data-widget_type=\"heading.default\">\n\t\t\t\t<div class=\"elementor-widget-container\">\n\t\t\t<style>\/*! elementor - v3.14.0 - 18-06-2023 *\/\n.elementor-heading-title{padding:0;margin:0;line-height:1}.elementor-widget-heading .elementor-heading-title[class*=elementor-size-]>a{color:inherit;font-size:inherit;line-height:inherit}.elementor-widget-heading .elementor-heading-title.elementor-size-small{font-size:15px}.elementor-widget-heading .elementor-heading-title.elementor-size-medium{font-size:19px}.elementor-widget-heading .elementor-heading-title.elementor-size-large{font-size:29px}.elementor-widget-heading .elementor-heading-title.elementor-size-xl{font-size:39px}.elementor-widget-heading .elementor-heading-title.elementor-size-xxl{font-size:59px}<\/style><h2 class=\"elementor-heading-title elementor-size-default\">Espa\u00e7o Galeria - SESI - SP<\/h2>\t\t<\/div>\n\t\t\t\t<\/div>\n\t\t\t\t<\/div>\n\t\t<div class=\"elementor-element elementor-element-6ce5f54f e-con-full e-flex e-con\" data-id=\"6ce5f54f\" data-element_type=\"container\" data-settings=\"{&quot;content_width&quot;:&quot;full&quot;}\">\n\t\t\t\t<div class=\"elementor-element elementor-element-3e3835d9 elementor-widget elementor-widget-text-editor\" data-id=\"3e3835d9\" data-element_type=\"widget\" data-widget_type=\"text-editor.default\">\n\t\t\t\t<div class=\"elementor-widget-container\">\n\t\t\t<style>\/*! elementor - v3.14.0 - 18-06-2023 *\/\n.elementor-widget-text-editor.elementor-drop-cap-view-stacked .elementor-drop-cap{background-color:#69727d;color:#fff}.elementor-widget-text-editor.elementor-drop-cap-view-framed .elementor-drop-cap{color:#69727d;border:3px solid;background-color:transparent}.elementor-widget-text-editor:not(.elementor-drop-cap-view-default) .elementor-drop-cap{margin-top:8px}.elementor-widget-text-editor:not(.elementor-drop-cap-view-default) .elementor-drop-cap-letter{width:1em;height:1em}.elementor-widget-text-editor .elementor-drop-cap{float:left;text-align:center;line-height:1;font-size:50px}.elementor-widget-text-editor .elementor-drop-cap-letter{display:inline-block}<\/style>\t\t\t\t<div data-pm-slice=\"1 1 []\" data-en-clipboard=\"true\"><p>O Servi\u00e7o Social da Ind\u00fastria, SESI-SP, tem orgulho em promover exposi\u00e7\u00f5es itinerantes de diferentes t\u00e9cnicas e formatos.<\/p><p>O projeto, criado em 2013, oferece exposi\u00e7\u00f5es de artes visuais especialmente desenvolvidas para os espa\u00e7os do SESI-SP, propiciando a circula\u00e7\u00e3o de obras originais com embassamento curatorial e expografia espec\u00edfica.<\/p><p>As a\u00e7\u00f5es educativas realizadas exclusivamente para cada uma das mostras fazem parte do nosso objetivo de despertar no p\u00fablico o interesse para as artes em geral, apresentar as mais diversas express\u00f5es das artes visuais e ampliar o repert\u00f3rio cultural do cidad\u00e3o.<\/p><p>O SESI-SP \u00e9 uma institui\u00e7\u00e3o que trabalha pela educa\u00e7\u00e3o de forma ampla e onde a cultura \u00e9 parte importante nesse processo. Desta forma, todas as a\u00e7\u00f5es e projetos desenvolvidos pela institui\u00e7\u00e3o visam \u00e0 forma\u00e7\u00e3o de novos p\u00fablicos em artes, a difus\u00e3o e o acesso \u00e0 cultura gratuita, al\u00e9m da promo\u00e7\u00e3o da economia criativa nacional.<\/p><p>SESI-SP<\/p><\/div>\t\t\t\t\t\t<\/div>\n\t\t\t\t<\/div>\n\t\t\t\t<\/div>\n\t\t\t\t\t<\/div>\n\t\t\t\t<\/div>\n\t\t\t\t\t\t\t<\/div>\n\t\t","protected":false},"excerpt":{"rendered":"<p>Espa\u00e7o Galeria &#8211; SESI &#8211; SP O Servi\u00e7o Social da Ind\u00fastria, SESI-SP, tem orgulho em promover exposi\u00e7\u00f5es itinerantes de diferentes t\u00e9cnicas e formatos. O projeto, criado em 2013, oferece exposi\u00e7\u00f5es de artes visuais especialmente desenvolvidas para os espa\u00e7os do SESI-SP, propiciando a circula\u00e7\u00e3o de obras originais com embassamento curatorial e expografia espec\u00edfica. As a\u00e7\u00f5es educativas [&hellip;]<\/p>\n","protected":false},"author":1,"featured_media":0,"parent":0,"menu_order":0,"comment_status":"closed","ping_status":"closed","template":"elementor_canvas","meta":[],"_links":{"self":[{"href":"https:\/\/ttt.gm360.com.br\/index.php\/wp-json\/wp\/v2\/pages\/1223"}],"collection":[{"href":"https:\/\/ttt.gm360.com.br\/index.php\/wp-json\/wp\/v2\/pages"}],"about":[{"href":"https:\/\/ttt.gm360.com.br\/index.php\/wp-json\/wp\/v2\/types\/page"}],"author":[{"embeddable":true,"href":"https:\/\/ttt.gm360.com.br\/index.php\/wp-json\/wp\/v2\/users\/1"}],"replies":[{"embeddable":true,"href":"https:\/\/ttt.gm360.com.br\/index.php\/wp-json\/wp\/v2\/comments?post=1223"}],"version-history":[{"count":4,"href":"https:\/\/ttt.gm360.com.br\/index.php\/wp-json\/wp\/v2\/pages\/1223\/revisions"}],"predecessor-version":[{"id":1229,"href":"https:\/\/ttt.gm360.com.br\/index.php\/wp-json\/wp\/v2\/pages\/1223\/revisions\/1229"}],"wp:attachment":[{"href":"https:\/\/ttt.gm360.com.br\/index.php\/wp-json\/wp\/v2\/media?parent=1223"}],"curies":[{"name":"wp","href":"https:\/\/api.w.org\/{rel}","templated":true}]}}