{"id":1789,"date":"2025-06-20T02:54:09","date_gmt":"2025-06-20T05:54:09","guid":{"rendered":"https:\/\/ttt.gm360.com.br\/?page_id=1789"},"modified":"2025-06-20T03:14:22","modified_gmt":"2025-06-20T06:14:22","slug":"10-denilson-baniwa-cacadores-de-ficcoes-coloniais","status":"publish","type":"page","link":"https:\/\/ttt.gm360.com.br\/index.php\/10-denilson-baniwa-cacadores-de-ficcoes-coloniais\/","title":{"rendered":"10 &#8211; Denilson Baniwa &#8211; Ca\u00e7adores de Fic\u00e7\u00f5es Coloniais"},"content":{"rendered":"\t\t<div data-elementor-type=\"wp-page\" data-elementor-id=\"1789\" class=\"elementor elementor-1789\">\n\t\t\t\t\t\t\t<div class=\"elementor-element elementor-element-81e2206 e-con-full e-flex e-con\" data-id=\"81e2206\" data-element_type=\"container\" data-settings=\"{&quot;content_width&quot;:&quot;full&quot;}\">\n\t\t\t\t<div class=\"elementor-element elementor-element-4d08fed6 elementor-widget elementor-widget-image\" data-id=\"4d08fed6\" data-element_type=\"widget\" data-widget_type=\"image.default\">\n\t\t\t\t<div class=\"elementor-widget-container\">\n\t\t\t<style>\/*! elementor - v3.14.0 - 18-06-2023 *\/\n.elementor-widget-image{text-align:center}.elementor-widget-image a{display:inline-block}.elementor-widget-image a img[src$=\".svg\"]{width:48px}.elementor-widget-image img{vertical-align:middle;display:inline-block}<\/style>\t\t\t\t\t\t\t\t\t\t\t\t\t<a href=\"https:\/\/ttt.gm360.com.br\/wp-content\/uploads\/2025\/06\/10-Denilson-Baniwa-Cacadores-de-Ficcoes-Coloniais.jpg\" data-elementor-open-lightbox=\"yes\" data-e-action-hash=\"#elementor-action%3Aaction%3Dlightbox%26settings%3DeyJpZCI6MTg2NiwidXJsIjoiaHR0cHM6XC9cL3R0dC5nbTM2MC5jb20uYnJcL3dwLWNvbnRlbnRcL3VwbG9hZHNcLzIwMjVcLzA2XC8xMC1EZW5pbHNvbi1CYW5pd2EtQ2FjYWRvcmVzLWRlLUZpY2NvZXMtQ29sb25pYWlzLmpwZyJ9\">\n\t\t\t\t\t\t\t<img decoding=\"async\" width=\"1273\" height=\"1800\" src=\"https:\/\/ttt.gm360.com.br\/wp-content\/uploads\/2025\/06\/10-Denilson-Baniwa-Cacadores-de-Ficcoes-Coloniais.jpg\" class=\"attachment-full size-full wp-image-1866\" alt=\"\" loading=\"lazy\" srcset=\"https:\/\/ttt.gm360.com.br\/wp-content\/uploads\/2025\/06\/10-Denilson-Baniwa-Cacadores-de-Ficcoes-Coloniais.jpg 1273w, https:\/\/ttt.gm360.com.br\/wp-content\/uploads\/2025\/06\/10-Denilson-Baniwa-Cacadores-de-Ficcoes-Coloniais-212x300.jpg 212w, https:\/\/ttt.gm360.com.br\/wp-content\/uploads\/2025\/06\/10-Denilson-Baniwa-Cacadores-de-Ficcoes-Coloniais-724x1024.jpg 724w, https:\/\/ttt.gm360.com.br\/wp-content\/uploads\/2025\/06\/10-Denilson-Baniwa-Cacadores-de-Ficcoes-Coloniais-768x1086.jpg 768w, https:\/\/ttt.gm360.com.br\/wp-content\/uploads\/2025\/06\/10-Denilson-Baniwa-Cacadores-de-Ficcoes-Coloniais-1086x1536.jpg 1086w\" sizes=\"(max-width: 1273px) 100vw, 1273px\" \/>\t\t\t\t\t\t\t\t<\/a>\n\t\t\t\t\t\t\t\t\t\t\t\t\t\t\t<\/div>\n\t\t\t\t<\/div>\n\t\t\t\t<div class=\"elementor-element elementor-element-508fc76b elementor-widget elementor-widget-SimpleAudioPlayer\" data-id=\"508fc76b\" data-element_type=\"widget\" data-widget_type=\"SimpleAudioPlayer.default\">\n\t\t\t\t<div class=\"elementor-widget-container\">\n\t\t\t\r\n\t\t<div id=\"skin_default\" class=\"skin_simple h5ap_elementor\" data-options=\"{&quot;autoplay&quot;:true,&quot;muted&quot;:false,&quot;loop&quot;:{&quot;active&quot;:false},&quot;seekTime&quot;:10}\">\r\n            <audio id=\"bplayer_id\"  autoplay>\r\n\t\t\t\t<source src=\"https:\/\/ttt.gm360.com.br\/wp-content\/uploads\/2025\/06\/10-Denilson-Baniwa-Cacadores-de-Ficcoes-Coloniais.mp3?download=false\" type=\"audio\/mp3\">\r\n\t\t\t<\/audio> \r\n        <\/div>\r\n\t\t\r\n\t\t\t\t<\/div>\n\t\t\t\t<\/div>\n\t\t\t\t<div class=\"elementor-element elementor-element-5afd703 elementor-widget elementor-widget-heading\" data-id=\"5afd703\" data-element_type=\"widget\" data-widget_type=\"heading.default\">\n\t\t\t\t<div class=\"elementor-widget-container\">\n\t\t\t<style>\/*! elementor - v3.14.0 - 18-06-2023 *\/\n.elementor-heading-title{padding:0;margin:0;line-height:1}.elementor-widget-heading .elementor-heading-title[class*=elementor-size-]>a{color:inherit;font-size:inherit;line-height:inherit}.elementor-widget-heading .elementor-heading-title.elementor-size-small{font-size:15px}.elementor-widget-heading .elementor-heading-title.elementor-size-medium{font-size:19px}.elementor-widget-heading .elementor-heading-title.elementor-size-large{font-size:29px}.elementor-widget-heading .elementor-heading-title.elementor-size-xl{font-size:39px}.elementor-widget-heading .elementor-heading-title.elementor-size-xxl{font-size:59px}<\/style><h2 class=\"elementor-heading-title elementor-size-default\">Denilson Baniwa - Ca\u00e7adores de Fic\u00e7\u00f5es Coloniais<\/h2>\t\t<\/div>\n\t\t\t\t<\/div>\n\t\t\t\t<\/div>\n\t\t\t\t\t\t\t<\/div>\n\t\t","protected":false},"excerpt":{"rendered":"<p>Denilson Baniwa &#8211; Ca\u00e7adores de Fic\u00e7\u00f5es Coloniais<\/p>\n","protected":false},"author":1,"featured_media":0,"parent":0,"menu_order":0,"comment_status":"closed","ping_status":"closed","template":"elementor_canvas","meta":[],"_links":{"self":[{"href":"https:\/\/ttt.gm360.com.br\/index.php\/wp-json\/wp\/v2\/pages\/1789"}],"collection":[{"href":"https:\/\/ttt.gm360.com.br\/index.php\/wp-json\/wp\/v2\/pages"}],"about":[{"href":"https:\/\/ttt.gm360.com.br\/index.php\/wp-json\/wp\/v2\/types\/page"}],"author":[{"embeddable":true,"href":"https:\/\/ttt.gm360.com.br\/index.php\/wp-json\/wp\/v2\/users\/1"}],"replies":[{"embeddable":true,"href":"https:\/\/ttt.gm360.com.br\/index.php\/wp-json\/wp\/v2\/comments?post=1789"}],"version-history":[{"count":10,"href":"https:\/\/ttt.gm360.com.br\/index.php\/wp-json\/wp\/v2\/pages\/1789\/revisions"}],"predecessor-version":[{"id":1875,"href":"https:\/\/ttt.gm360.com.br\/index.php\/wp-json\/wp\/v2\/pages\/1789\/revisions\/1875"}],"wp:attachment":[{"href":"https:\/\/ttt.gm360.com.br\/index.php\/wp-json\/wp\/v2\/media?parent=1789"}],"curies":[{"name":"wp","href":"https:\/\/api.w.org\/{rel}","templated":true}]}}