{"id":2048,"date":"2025-07-03T16:34:31","date_gmt":"2025-07-03T19:34:31","guid":{"rendered":"https:\/\/ttt.gm360.com.br\/?page_id=2048"},"modified":"2025-07-03T16:42:48","modified_gmt":"2025-07-03T19:42:48","slug":"texto-em-guarani-de-anthony-karai-poty","status":"publish","type":"page","link":"https:\/\/ttt.gm360.com.br\/index.php\/texto-em-guarani-de-anthony-karai-poty\/","title":{"rendered":"Texto em Guarani de Anthony Kara\u00ed Poty"},"content":{"rendered":"\t\t<div data-elementor-type=\"wp-page\" data-elementor-id=\"2048\" class=\"elementor elementor-2048\">\n\t\t\t\t\t\t\t<div class=\"elementor-element elementor-element-8ca7c28 e-flex e-con-boxed e-con\" data-id=\"8ca7c28\" data-element_type=\"container\" data-settings=\"{&quot;content_width&quot;:&quot;boxed&quot;}\">\n\t\t\t\t\t<div class=\"e-con-inner\">\n\t\t\t\t<div class=\"elementor-element elementor-element-91b50aa elementor-widget elementor-widget-text-editor\" data-id=\"91b50aa\" data-element_type=\"widget\" data-widget_type=\"text-editor.default\">\n\t\t\t\t<div class=\"elementor-widget-container\">\n\t\t\t<style>\/*! elementor - v3.14.0 - 18-06-2023 *\/\n.elementor-widget-text-editor.elementor-drop-cap-view-stacked .elementor-drop-cap{background-color:#69727d;color:#fff}.elementor-widget-text-editor.elementor-drop-cap-view-framed .elementor-drop-cap{color:#69727d;border:3px solid;background-color:transparent}.elementor-widget-text-editor:not(.elementor-drop-cap-view-default) .elementor-drop-cap{margin-top:8px}.elementor-widget-text-editor:not(.elementor-drop-cap-view-default) .elementor-drop-cap-letter{width:1em;height:1em}.elementor-widget-text-editor .elementor-drop-cap{float:left;text-align:center;line-height:1;font-size:50px}.elementor-widget-text-editor .elementor-drop-cap-letter{display:inline-block}<\/style>\t\t\t\t<p><i>Mova\u2019e ta\u2019\u00e3gaa jexauka ma irundy meme nhande kuery ojapo va\u2019ekue &#8211; Moara Tupinamb\u00e1, Edgar Kanayk\u00f5 Xakriab\u00e1, Richard Wera Mirim, Genilson Guajajara, G\u00ea Viana, Kamikia Kisedje, Denilson Baniwa e Natalia Tupi.<br \/>onheagaypy Richard Wera Mirim ha\u2019e Jo\u00e3o Kulcs\u00e1r ojapo.<\/i><\/p><p><i>Petei tein ta\u2019\u00e3gaa oexauka heta mba\u2019emo yma guare ayngua ramo avi, ogueru yma guare regua ha\u2019eve gui nhande jajoguero\u2019aa regua guive.Ta\u2019\u00e3gaariveynoexauka, oexaukanhandembaraetea, nhandenhanhomoirua ha\u2019evete gui nhandereko r\u00e9gua.<\/i><\/p><p><i>Ta\u2019\u00e3gaa ojekuaa oiny petein ayvu mbaraete rami. Kova\u2019e tembiapo ma ogueru nhandereko Yvy Por\u00e3 rupi, nhemongarai nhandereko yma guare, ha\u2019e gui Juru\u00e1 reko oike rai ma regua mhanderekoa rupi, ha\u2019e nhande jagueroa vy mba\u2019emo jarekoa. Oexauka jajoguero\u2019aa, nhande mborai, nhande kuery Juru\u00e1 kuery oexa\u2019\u00e3a rami he\u2019yn nhadekuaia oexauka.<\/i><\/p><p><i>Kova\u2019e tembiapo ma jaexa agu\u00e3 ha\u2019e nhandeayvu agu\u00e3, nhamombaraet\u00e9 agu\u00e3 ayvu katu, tete mbojerovia, pave nhande regua kuery reve ha\u2019e gui nhambotuvixa ve eravy nhande arandua jajapo agu\u00e3 petei teko pave\u2019i reve jaiko por\u00e3 agu\u00e3.<\/i><\/p><p><strong>Texto em Guarani de Anthony Kara\u00ed Poty<\/strong><\/p>\t\t\t\t\t\t<\/div>\n\t\t\t\t<\/div>\n\t\t\t\t\t<\/div>\n\t\t\t\t<\/div>\n\t\t\t\t\t\t\t<\/div>\n\t\t","protected":false},"excerpt":{"rendered":"<p>Mova\u2019e ta\u2019\u00e3gaa jexauka ma irundy meme nhande kuery ojapo va\u2019ekue &#8211; Moara Tupinamb\u00e1, Edgar Kanayk\u00f5 Xakriab\u00e1, Richard Wera Mirim, Genilson Guajajara, G\u00ea Viana, Kamikia Kisedje, Denilson Baniwa e Natalia Tupi.onheagaypy Richard Wera Mirim ha\u2019e Jo\u00e3o Kulcs\u00e1r ojapo. Petei tein ta\u2019\u00e3gaa oexauka heta mba\u2019emo yma guare ayngua ramo avi, ogueru yma guare regua ha\u2019eve gui nhande [&hellip;]<\/p>\n","protected":false},"author":1,"featured_media":0,"parent":0,"menu_order":0,"comment_status":"closed","ping_status":"closed","template":"elementor_canvas","meta":[],"_links":{"self":[{"href":"https:\/\/ttt.gm360.com.br\/index.php\/wp-json\/wp\/v2\/pages\/2048"}],"collection":[{"href":"https:\/\/ttt.gm360.com.br\/index.php\/wp-json\/wp\/v2\/pages"}],"about":[{"href":"https:\/\/ttt.gm360.com.br\/index.php\/wp-json\/wp\/v2\/types\/page"}],"author":[{"embeddable":true,"href":"https:\/\/ttt.gm360.com.br\/index.php\/wp-json\/wp\/v2\/users\/1"}],"replies":[{"embeddable":true,"href":"https:\/\/ttt.gm360.com.br\/index.php\/wp-json\/wp\/v2\/comments?post=2048"}],"version-history":[{"count":8,"href":"https:\/\/ttt.gm360.com.br\/index.php\/wp-json\/wp\/v2\/pages\/2048\/revisions"}],"predecessor-version":[{"id":2057,"href":"https:\/\/ttt.gm360.com.br\/index.php\/wp-json\/wp\/v2\/pages\/2048\/revisions\/2057"}],"wp:attachment":[{"href":"https:\/\/ttt.gm360.com.br\/index.php\/wp-json\/wp\/v2\/media?parent=2048"}],"curies":[{"name":"wp","href":"https:\/\/api.w.org\/{rel}","templated":true}]}}