{"id":610,"date":"2023-06-23T23:24:04","date_gmt":"2023-06-24T02:24:04","guid":{"rendered":"https:\/\/ttt.gm360.com.br\/?page_id=610"},"modified":"2023-07-07T21:19:39","modified_gmt":"2023-07-08T00:19:39","slug":"terra-terreno-territorio-2","status":"publish","type":"page","link":"https:\/\/ttt.gm360.com.br\/index.php\/terra-terreno-territorio-2\/","title":{"rendered":"Terra Terreno Territ\u00f3rio"},"content":{"rendered":"\t\t<div data-elementor-type=\"wp-page\" data-elementor-id=\"610\" class=\"elementor elementor-610\">\n\t\t\t\t\t\t\t<div class=\"elementor-element elementor-element-739e41e e-flex e-con-boxed e-con\" data-id=\"739e41e\" data-element_type=\"container\" data-settings=\"{&quot;background_background&quot;:&quot;classic&quot;,&quot;content_width&quot;:&quot;boxed&quot;}\">\n\t\t\t\t\t<div class=\"e-con-inner\">\n\t\t<div class=\"elementor-element elementor-element-647aec4 e-con-full e-flex e-con\" data-id=\"647aec4\" data-element_type=\"container\" data-settings=\"{&quot;content_width&quot;:&quot;full&quot;}\">\n\t\t\t\t<div class=\"elementor-element elementor-element-eeb1f6b elementor-widget elementor-widget-image\" data-id=\"eeb1f6b\" data-element_type=\"widget\" data-widget_type=\"image.default\">\n\t\t\t\t<div class=\"elementor-widget-container\">\n\t\t\t<style>\/*! elementor - v3.14.0 - 18-06-2023 *\/\n.elementor-widget-image{text-align:center}.elementor-widget-image a{display:inline-block}.elementor-widget-image a img[src$=\".svg\"]{width:48px}.elementor-widget-image img{vertical-align:middle;display:inline-block}<\/style>\t\t\t\t\t\t\t\t\t\t\t\t<img decoding=\"async\" width=\"116\" height=\"100\" src=\"https:\/\/ttt.gm360.com.br\/wp-content\/uploads\/2023\/06\/logo4.png\" class=\"attachment-large size-large wp-image-6\" alt=\"\" loading=\"lazy\" \/>\t\t\t\t\t\t\t\t\t\t\t\t\t\t\t<\/div>\n\t\t\t\t<\/div>\n\t\t\t\t<\/div>\n\t\t\t\t\t<\/div>\n\t\t\t\t<\/div>\n\t\t<div class=\"elementor-element elementor-element-94d272b e-con-full e-flex e-con\" data-id=\"94d272b\" data-element_type=\"container\" data-settings=\"{&quot;content_width&quot;:&quot;full&quot;}\">\n\t\t\t\t<div class=\"elementor-element elementor-element-7835969 elementor-widget elementor-widget-image\" data-id=\"7835969\" data-element_type=\"widget\" data-widget_type=\"image.default\">\n\t\t\t\t<div class=\"elementor-widget-container\">\n\t\t\t\t\t\t\t\t\t\t\t\t\t\t\t<img decoding=\"async\" width=\"1536\" height=\"1025\" src=\"https:\/\/ttt.gm360.com.br\/wp-content\/uploads\/2023\/06\/GDM_4573-1536x1025.jpg\" class=\"attachment-1536x1536 size-1536x1536 wp-image-612\" alt=\"\" loading=\"lazy\" srcset=\"https:\/\/ttt.gm360.com.br\/wp-content\/uploads\/2023\/06\/GDM_4573-1536x1025.jpg 1536w, https:\/\/ttt.gm360.com.br\/wp-content\/uploads\/2023\/06\/GDM_4573-300x200.jpg 300w, https:\/\/ttt.gm360.com.br\/wp-content\/uploads\/2023\/06\/GDM_4573-1024x684.jpg 1024w, https:\/\/ttt.gm360.com.br\/wp-content\/uploads\/2023\/06\/GDM_4573-768x513.jpg 768w, https:\/\/ttt.gm360.com.br\/wp-content\/uploads\/2023\/06\/GDM_4573-2048x1367.jpg 2048w\" sizes=\"(max-width: 1536px) 100vw, 1536px\" \/>\t\t\t\t\t\t\t\t\t\t\t\t\t\t\t<\/div>\n\t\t\t\t<\/div>\n\t\t\t\t<\/div>\n\t\t<div class=\"elementor-element elementor-element-2942900 e-flex e-con-boxed e-con\" data-id=\"2942900\" data-element_type=\"container\" data-settings=\"{&quot;content_width&quot;:&quot;boxed&quot;}\">\n\t\t\t\t\t<div class=\"e-con-inner\">\n\t\t<div class=\"elementor-element elementor-element-e16b2d4 e-con-full e-flex e-con\" data-id=\"e16b2d4\" data-element_type=\"container\" data-settings=\"{&quot;content_width&quot;:&quot;full&quot;}\">\n\t\t\t\t<div class=\"elementor-element elementor-element-03123a9 elementor-widget elementor-widget-vapfem_audio_player\" data-id=\"03123a9\" data-element_type=\"widget\" data-widget_type=\"vapfem_audio_player.default\">\n\t\t\t\t<div class=\"elementor-widget-container\">\n\t\t\t        <audio\r\n            class=\"vapfem_player vapfem_audio\" \r\n            data-settings='{\"muted\":\"false\",\"seek_time\":10,\"tooltips_seek\":\"true\",\"invertTime\":\"true\",\"speed_selected\":\"1\",\"controls\":[\"play\",\"progress\",\"mute\",\"volume\",\"settings\"],\"debug_mode\":\"false\"}' \r\n            autoplay allow=&quot;autoplay&quot;             \r\n            preload=\"upload\"\r\n        >\r\n            <source\r\n                src=\"https:\/\/ttt.gm360.com.br\/wp-content\/uploads\/2023\/06\/Faixa-03-V2_1.mp3\"\r\n                type=\"audio\/mp3\"\r\n            \/>\r\n        <\/audio>\r\n        \t\t<\/div>\n\t\t\t\t<\/div>\n\t\t\t\t<div class=\"elementor-element elementor-element-f807d3f elementor-widget elementor-widget-heading\" data-id=\"f807d3f\" data-element_type=\"widget\" data-widget_type=\"heading.default\">\n\t\t\t\t<div class=\"elementor-widget-container\">\n\t\t\t<style>\/*! elementor - v3.14.0 - 18-06-2023 *\/\n.elementor-heading-title{padding:0;margin:0;line-height:1}.elementor-widget-heading .elementor-heading-title[class*=elementor-size-]>a{color:inherit;font-size:inherit;line-height:inherit}.elementor-widget-heading .elementor-heading-title.elementor-size-small{font-size:15px}.elementor-widget-heading .elementor-heading-title.elementor-size-medium{font-size:19px}.elementor-widget-heading .elementor-heading-title.elementor-size-large{font-size:29px}.elementor-widget-heading .elementor-heading-title.elementor-size-xl{font-size:39px}.elementor-widget-heading .elementor-heading-title.elementor-size-xxl{font-size:59px}<\/style><h2 class=\"elementor-heading-title elementor-size-default\">Imagens Vivas<\/h2>\t\t<\/div>\n\t\t\t\t<\/div>\n\t\t\t\t<\/div>\n\t\t<div class=\"elementor-element elementor-element-af7028c e-con-full e-flex e-con\" data-id=\"af7028c\" data-element_type=\"container\" data-settings=\"{&quot;content_width&quot;:&quot;full&quot;}\">\n\t\t\t\t<div class=\"elementor-element elementor-element-97d988d elementor-widget elementor-widget-text-editor\" data-id=\"97d988d\" data-element_type=\"widget\" data-widget_type=\"text-editor.default\">\n\t\t\t\t<div class=\"elementor-widget-container\">\n\t\t\t<style>\/*! elementor - v3.14.0 - 18-06-2023 *\/\n.elementor-widget-text-editor.elementor-drop-cap-view-stacked .elementor-drop-cap{background-color:#69727d;color:#fff}.elementor-widget-text-editor.elementor-drop-cap-view-framed .elementor-drop-cap{color:#69727d;border:3px solid;background-color:transparent}.elementor-widget-text-editor:not(.elementor-drop-cap-view-default) .elementor-drop-cap{margin-top:8px}.elementor-widget-text-editor:not(.elementor-drop-cap-view-default) .elementor-drop-cap-letter{width:1em;height:1em}.elementor-widget-text-editor .elementor-drop-cap{float:left;text-align:center;line-height:1;font-size:50px}.elementor-widget-text-editor .elementor-drop-cap-letter{display:inline-block}<\/style>\t\t\t\t<p>Quando decidiu engajar-se em seu projeto terra terreno territ\u00f3rio, Dani Sandrini tinha por objetivo ampliar o debate sobre o que \u00e9 ser ind\u00edgena numa cidade como S\u00e3o Paulo. Em busca de uma documenta\u00e7\u00e3o fotogr\u00e1fica \u00e0 altura da relev\u00e2ncia pol\u00edtica e cultural de seu tema, produziu imagens com beleza e serenidade que se mostram como consequ\u00eancias naturais de quem fotografa ciente de que as experi\u00eancias cotidianas e as rela\u00e7\u00f5es interpessoais consistem em algo muito mais importante do que as pr\u00f3prias fotografias que podem ser dali extra\u00eddas.<\/p><p>Capturadas digitalmente, as imagens foram impressas em transpar\u00eancias, gerando grandes negativos colocados em contato direto com dois tipos de suportes: pap\u00e9is de algod\u00e3o sensibilizados por uma emuls\u00e3o \u00e0 base de jenipapo (fruto que tamb\u00e9m \u00e9 usado<br \/>para a pintura corporal dos ind\u00edgenas), e em folhas de plantas, processo este conhecido como fitotipia. Ambos os procedimentos<br \/>exigiram longos per\u00edodos de exposi\u00e7\u00e3o ao sol \u2013 dias, \u00e0s vezes, semanas \u2013 permitindo a constru\u00e7\u00e3o artesanal das impress\u00f5es sob uma temporalidade impens\u00e1vel para a pr\u00e1tica fotogr\u00e1fica vigente, baseada na ferocidade do click, share &amp; like.<\/p><p>A op\u00e7\u00e3o por tais formatos definiu a estas imagens uma dimens\u00e3o material extremamente fr\u00e1gil, que as distanciam da longevidade dos sais de prata dos filmes fotogr\u00e1ficos ou dos bytes dos arquivos digitais. Como esp\u00e9cies de &#8220;fotografias org\u00e2nicas&#8221;, estas imagens est\u00e3o destinadas ao desaparecimento, pois tendem a se deteriorar rapidamente sob a a\u00e7\u00e3o da luz. Sendo permitido a elas, portanto, uma &#8220;morte&#8221;, seriam elas mais &#8220;vivas&#8221; que as fotografias normalmente arquivadas como documentos iconogr\u00e1ficos? Fr\u00e1geis enquanto ind\u00edcios perenes, tais imagens parecem convocar com mais for\u00e7a nossa sensibilidade e nossos olhares para o tempo presente destas comunidades, exigindo uma reflex\u00e3o a respeito da responsabilidade que nos cabe frente \u00e0 constru\u00e7\u00e3o desta hist\u00f3ria que est\u00e1 em andamento.<\/p><p><em>&#8220;Falando da fotografia, parece (parece?) que estou falando da vida&#8221;<\/em>, nos diz Dani Sandrini, fazendo-nos imediatamente associar a fragilidade destas imagens \u00e0 pr\u00f3pria fragilidade de todo e qualquer tipo de vida. Aqui, contemplamos as imagens como algo que desaparecer\u00e1, e isso nos d\u00e1 a chance de realizar um exerc\u00edcio que n\u00e3o deveria se estender, em hip\u00f3tese alguma, \u00e0s cenas e<br \/>personagens que foram capazes de promover toda a experi\u00eancia que se configura nesta exposi\u00e7\u00e3o: com a exist\u00eancia dos ind\u00edgenas legitimada no presente, temos a chance de poder validar a import\u00e2ncia da diversidade cultural e assim, respeit\u00e1-la como forma de garantir todos os benef\u00edcios que uma conviv\u00eancia harmoniosa pode ser capaz de gerar.<\/p><p><strong>Wagner Souza e Silva<\/strong><br \/><strong>curador<\/strong><\/p>\t\t\t\t\t\t<\/div>\n\t\t\t\t<\/div>\n\t\t\t\t<div class=\"elementor-element elementor-element-01aa935 elementor-widget-divider--view-line elementor-widget elementor-widget-divider\" data-id=\"01aa935\" data-element_type=\"widget\" data-widget_type=\"divider.default\">\n\t\t\t\t<div class=\"elementor-widget-container\">\n\t\t\t<style>\/*! elementor - v3.14.0 - 18-06-2023 *\/\n.elementor-widget-divider{--divider-border-style:none;--divider-border-width:1px;--divider-color:#0c0d0e;--divider-icon-size:20px;--divider-element-spacing:10px;--divider-pattern-height:24px;--divider-pattern-size:20px;--divider-pattern-url:none;--divider-pattern-repeat:repeat-x}.elementor-widget-divider .elementor-divider{display:flex}.elementor-widget-divider .elementor-divider__text{font-size:15px;line-height:1;max-width:95%}.elementor-widget-divider .elementor-divider__element{margin:0 var(--divider-element-spacing);flex-shrink:0}.elementor-widget-divider .elementor-icon{font-size:var(--divider-icon-size)}.elementor-widget-divider .elementor-divider-separator{display:flex;margin:0;direction:ltr}.elementor-widget-divider--view-line_icon .elementor-divider-separator,.elementor-widget-divider--view-line_text .elementor-divider-separator{align-items:center}.elementor-widget-divider--view-line_icon .elementor-divider-separator:after,.elementor-widget-divider--view-line_icon .elementor-divider-separator:before,.elementor-widget-divider--view-line_text .elementor-divider-separator:after,.elementor-widget-divider--view-line_text .elementor-divider-separator:before{display:block;content:\"\";border-bottom:0;flex-grow:1;border-top:var(--divider-border-width) var(--divider-border-style) var(--divider-color)}.elementor-widget-divider--element-align-left .elementor-divider .elementor-divider-separator>.elementor-divider__svg:first-of-type{flex-grow:0;flex-shrink:100}.elementor-widget-divider--element-align-left .elementor-divider-separator:before{content:none}.elementor-widget-divider--element-align-left .elementor-divider__element{margin-left:0}.elementor-widget-divider--element-align-right .elementor-divider .elementor-divider-separator>.elementor-divider__svg:last-of-type{flex-grow:0;flex-shrink:100}.elementor-widget-divider--element-align-right .elementor-divider-separator:after{content:none}.elementor-widget-divider--element-align-right .elementor-divider__element{margin-right:0}.elementor-widget-divider:not(.elementor-widget-divider--view-line_text):not(.elementor-widget-divider--view-line_icon) .elementor-divider-separator{border-top:var(--divider-border-width) var(--divider-border-style) var(--divider-color)}.elementor-widget-divider--separator-type-pattern{--divider-border-style:none}.elementor-widget-divider--separator-type-pattern.elementor-widget-divider--view-line .elementor-divider-separator,.elementor-widget-divider--separator-type-pattern:not(.elementor-widget-divider--view-line) .elementor-divider-separator:after,.elementor-widget-divider--separator-type-pattern:not(.elementor-widget-divider--view-line) .elementor-divider-separator:before,.elementor-widget-divider--separator-type-pattern:not([class*=elementor-widget-divider--view]) .elementor-divider-separator{width:100%;min-height:var(--divider-pattern-height);-webkit-mask-size:var(--divider-pattern-size) 100%;mask-size:var(--divider-pattern-size) 100%;-webkit-mask-repeat:var(--divider-pattern-repeat);mask-repeat:var(--divider-pattern-repeat);background-color:var(--divider-color);-webkit-mask-image:var(--divider-pattern-url);mask-image:var(--divider-pattern-url)}.elementor-widget-divider--no-spacing{--divider-pattern-size:auto}.elementor-widget-divider--bg-round{--divider-pattern-repeat:round}.rtl .elementor-widget-divider .elementor-divider__text{direction:rtl}.e-con-inner>.elementor-widget-divider,.e-con>.elementor-widget-divider{width:var(--container-widget-width,100%);--flex-grow:var(--container-widget-flex-grow)}<\/style>\t\t<div class=\"elementor-divider\">\n\t\t\t<span class=\"elementor-divider-separator\">\n\t\t\t\t\t\t<\/span>\n\t\t<\/div>\n\t\t\t\t<\/div>\n\t\t\t\t<\/div>\n\t\t\t\t<div class=\"elementor-element elementor-element-e27073e elementor-widget elementor-widget-vapfem_audio_player\" data-id=\"e27073e\" data-element_type=\"widget\" data-widget_type=\"vapfem_audio_player.default\">\n\t\t\t\t<div class=\"elementor-widget-container\">\n\t\t\t        <audio\r\n            class=\"vapfem_player vapfem_audio\" \r\n            data-settings='{\"muted\":\"false\",\"seek_time\":10,\"tooltips_seek\":\"true\",\"invertTime\":\"true\",\"speed_selected\":\"1\",\"controls\":[\"play\",\"progress\",\"mute\",\"volume\",\"settings\"],\"debug_mode\":\"false\"}' \r\n                         \r\n            preload=\"upload\"\r\n        >\r\n            <source\r\n                src=\"https:\/\/ttt.gm360.com.br\/wp-content\/uploads\/2023\/06\/SESI-SP.mp3\"\r\n                type=\"audio\/mp3\"\r\n            \/>\r\n        <\/audio>\r\n        \t\t<\/div>\n\t\t\t\t<\/div>\n\t\t\t\t<div class=\"elementor-element elementor-element-2f8894c elementor-widget elementor-widget-heading\" data-id=\"2f8894c\" data-element_type=\"widget\" data-widget_type=\"heading.default\">\n\t\t\t\t<div class=\"elementor-widget-container\">\n\t\t\t<h2 class=\"elementor-heading-title elementor-size-default\">Retratos ind\u00edgenas em impress\u00f5es artesanais<\/h2>\t\t<\/div>\n\t\t\t\t<\/div>\n\t\t\t\t<div class=\"elementor-element elementor-element-e0a2091 elementor-widget elementor-widget-text-editor\" data-id=\"e0a2091\" data-element_type=\"widget\" data-widget_type=\"text-editor.default\">\n\t\t\t\t<div class=\"elementor-widget-container\">\n\t\t\t\t\t\t\t<div data-pm-slice=\"1 1 []\" data-en-clipboard=\"true\">Recebemos em nossa Galeria de Fotos as imagens de Dani Sandrini, fot\u00f3grafa e artista visual. Ela retrata, de forma inovadora, ind\u00edgenas da Grande S\u00e3o Paulo, com a impress\u00e3o feita artesanalmente com a luz solar, diretamente em folhas de plantas, al\u00e9m do uso de pap\u00e9is sensibilizados com o pigmento extra\u00eddo do fruto jenipapo, o mesmo que muitos ind\u00edgenas usam em suas pinturas corporais.<\/div><div>\u00a0<\/div><div>A exposi\u00e7\u00e3o terra terreno territ\u00f3rio, que em 2022 passou por tr\u00eas unidades do SESI-SP, no interior do Estado, busca ampliar o debate sobre o que \u00e9 ser ind\u00edgena na atualidade, bem como contribuir com o aumento de conhecimento sobre a cultura e a hist\u00f3ria ind\u00edgena.<\/div><div>\u00a0<\/div><div>O SESI-SP \u00e9 uma institui\u00e7\u00e3o que trabalha pela educa\u00e7\u00e3o de forma ampla e onde a cultura \u00e9 parte importante nesse processo. Desta forma, todas as a\u00e7\u00f5es e projetos desenvolvidos pela institui\u00e7\u00e3o visam \u00e0 forma\u00e7\u00e3o de novos p\u00fablicos em artes, a difus\u00e3o e o acesso \u00e0 cultura de forma gratuita, al\u00e9m da promo\u00e7\u00e3o da economia criativa nacional.<\/div><div>\u00a0<\/div><div>SESI-SP<\/div>\t\t\t\t\t\t<\/div>\n\t\t\t\t<\/div>\n\t\t\t\t<\/div>\n\t\t\t\t\t<\/div>\n\t\t\t\t<\/div>\n\t\t\t\t\t\t\t<\/div>\n\t\t","protected":false},"excerpt":{"rendered":"<p>Imagens Vivas Quando decidiu engajar-se em seu projeto terra terreno territ\u00f3rio, Dani Sandrini tinha por objetivo ampliar o debate sobre o que \u00e9 ser ind\u00edgena numa cidade como S\u00e3o Paulo. Em busca de uma documenta\u00e7\u00e3o fotogr\u00e1fica \u00e0 altura da relev\u00e2ncia pol\u00edtica e cultural de seu tema, produziu imagens com beleza e serenidade que se mostram [&hellip;]<\/p>\n","protected":false},"author":1,"featured_media":0,"parent":0,"menu_order":0,"comment_status":"closed","ping_status":"closed","template":"elementor_canvas","meta":[],"_links":{"self":[{"href":"https:\/\/ttt.gm360.com.br\/index.php\/wp-json\/wp\/v2\/pages\/610"}],"collection":[{"href":"https:\/\/ttt.gm360.com.br\/index.php\/wp-json\/wp\/v2\/pages"}],"about":[{"href":"https:\/\/ttt.gm360.com.br\/index.php\/wp-json\/wp\/v2\/types\/page"}],"author":[{"embeddable":true,"href":"https:\/\/ttt.gm360.com.br\/index.php\/wp-json\/wp\/v2\/users\/1"}],"replies":[{"embeddable":true,"href":"https:\/\/ttt.gm360.com.br\/index.php\/wp-json\/wp\/v2\/comments?post=610"}],"version-history":[{"count":25,"href":"https:\/\/ttt.gm360.com.br\/index.php\/wp-json\/wp\/v2\/pages\/610\/revisions"}],"predecessor-version":[{"id":885,"href":"https:\/\/ttt.gm360.com.br\/index.php\/wp-json\/wp\/v2\/pages\/610\/revisions\/885"}],"wp:attachment":[{"href":"https:\/\/ttt.gm360.com.br\/index.php\/wp-json\/wp\/v2\/media?parent=610"}],"curies":[{"name":"wp","href":"https:\/\/api.w.org\/{rel}","templated":true}]}}