{"id":673,"date":"2023-06-24T04:26:35","date_gmt":"2023-06-24T07:26:35","guid":{"rendered":"https:\/\/ttt.gm360.com.br\/?page_id=673"},"modified":"2023-06-24T04:35:48","modified_gmt":"2023-06-24T07:35:48","slug":"xeramoi-natalicio-karai","status":"publish","type":"page","link":"https:\/\/ttt.gm360.com.br\/index.php\/xeramoi-natalicio-karai\/","title":{"rendered":"Xeram\u00f5i Natal\u00edcio Kara\u00ed"},"content":{"rendered":"\t\t<div data-elementor-type=\"wp-page\" data-elementor-id=\"673\" class=\"elementor elementor-673\">\n\t\t\t\t\t\t\t<div class=\"elementor-element elementor-element-34e7fc70 e-con-full e-flex e-con\" data-id=\"34e7fc70\" data-element_type=\"container\" data-settings=\"{&quot;content_width&quot;:&quot;full&quot;}\">\n\t\t\t\t<div class=\"elementor-element elementor-element-2f4956cf elementor-widget elementor-widget-image\" data-id=\"2f4956cf\" data-element_type=\"widget\" data-widget_type=\"image.default\">\n\t\t\t\t<div class=\"elementor-widget-container\">\n\t\t\t<style>\/*! elementor - v3.14.0 - 18-06-2023 *\/\n.elementor-widget-image{text-align:center}.elementor-widget-image a{display:inline-block}.elementor-widget-image a img[src$=\".svg\"]{width:48px}.elementor-widget-image img{vertical-align:middle;display:inline-block}<\/style>\t\t\t\t\t\t\t\t\t\t\t\t\t<a href=\"https:\/\/ttt.gm360.com.br\/wp-content\/uploads\/2023\/06\/Xeramoi-Natalicio-Karai.jpg\" data-elementor-open-lightbox=\"yes\" data-e-action-hash=\"#elementor-action%3Aaction%3Dlightbox%26settings%3DeyJpZCI6Njk3LCJ1cmwiOiJodHRwczpcL1wvdHR0LmdtMzYwLmNvbS5iclwvd3AtY29udGVudFwvdXBsb2Fkc1wvMjAyM1wvMDZcL1hlcmFtb2ktTmF0YWxpY2lvLUthcmFpLmpwZyJ9\">\n\t\t\t\t\t\t\t<img decoding=\"async\" width=\"1333\" height=\"2000\" src=\"https:\/\/ttt.gm360.com.br\/wp-content\/uploads\/2023\/06\/Xeramoi-Natalicio-Karai.jpg\" class=\"attachment-full size-full wp-image-697\" alt=\"\" loading=\"lazy\" srcset=\"https:\/\/ttt.gm360.com.br\/wp-content\/uploads\/2023\/06\/Xeramoi-Natalicio-Karai.jpg 1333w, https:\/\/ttt.gm360.com.br\/wp-content\/uploads\/2023\/06\/Xeramoi-Natalicio-Karai-200x300.jpg 200w, https:\/\/ttt.gm360.com.br\/wp-content\/uploads\/2023\/06\/Xeramoi-Natalicio-Karai-682x1024.jpg 682w, https:\/\/ttt.gm360.com.br\/wp-content\/uploads\/2023\/06\/Xeramoi-Natalicio-Karai-768x1152.jpg 768w, https:\/\/ttt.gm360.com.br\/wp-content\/uploads\/2023\/06\/Xeramoi-Natalicio-Karai-1024x1536.jpg 1024w\" sizes=\"(max-width: 1333px) 100vw, 1333px\" \/>\t\t\t\t\t\t\t\t<\/a>\n\t\t\t\t\t\t\t\t\t\t\t\t\t\t\t<\/div>\n\t\t\t\t<\/div>\n\t\t\t\t<div class=\"elementor-element elementor-element-6b3fc2c3 elementor-widget elementor-widget-image\" data-id=\"6b3fc2c3\" data-element_type=\"widget\" data-widget_type=\"image.default\">\n\t\t\t\t<div class=\"elementor-widget-container\">\n\t\t\t\t\t\t\t\t\t\t\t\t\t\t\t<img decoding=\"async\" width=\"300\" height=\"200\" src=\"https:\/\/ttt.gm360.com.br\/wp-content\/uploads\/2023\/06\/TTT_LEGENDAS_REV.pdf_Pagina_28-300x200.png\" class=\"attachment-medium size-medium wp-image-142\" alt=\"\" loading=\"lazy\" srcset=\"https:\/\/ttt.gm360.com.br\/wp-content\/uploads\/2023\/06\/TTT_LEGENDAS_REV.pdf_Pagina_28-300x200.png 300w, https:\/\/ttt.gm360.com.br\/wp-content\/uploads\/2023\/06\/TTT_LEGENDAS_REV.pdf_Pagina_28-768x512.png 768w, https:\/\/ttt.gm360.com.br\/wp-content\/uploads\/2023\/06\/TTT_LEGENDAS_REV.pdf_Pagina_28.png 945w\" sizes=\"(max-width: 300px) 100vw, 300px\" \/>\t\t\t\t\t\t\t\t\t\t\t\t\t\t\t<\/div>\n\t\t\t\t<\/div>\n\t\t\t\t<\/div>\n\t\t\t\t\t\t\t<\/div>\n\t\t","protected":false},"excerpt":{"rendered":"","protected":false},"author":1,"featured_media":0,"parent":0,"menu_order":0,"comment_status":"closed","ping_status":"closed","template":"elementor_canvas","meta":[],"_links":{"self":[{"href":"https:\/\/ttt.gm360.com.br\/index.php\/wp-json\/wp\/v2\/pages\/673"}],"collection":[{"href":"https:\/\/ttt.gm360.com.br\/index.php\/wp-json\/wp\/v2\/pages"}],"about":[{"href":"https:\/\/ttt.gm360.com.br\/index.php\/wp-json\/wp\/v2\/types\/page"}],"author":[{"embeddable":true,"href":"https:\/\/ttt.gm360.com.br\/index.php\/wp-json\/wp\/v2\/users\/1"}],"replies":[{"embeddable":true,"href":"https:\/\/ttt.gm360.com.br\/index.php\/wp-json\/wp\/v2\/comments?post=673"}],"version-history":[{"count":4,"href":"https:\/\/ttt.gm360.com.br\/index.php\/wp-json\/wp\/v2\/pages\/673\/revisions"}],"predecessor-version":[{"id":700,"href":"https:\/\/ttt.gm360.com.br\/index.php\/wp-json\/wp\/v2\/pages\/673\/revisions\/700"}],"wp:attachment":[{"href":"https:\/\/ttt.gm360.com.br\/index.php\/wp-json\/wp\/v2\/media?parent=673"}],"curies":[{"name":"wp","href":"https:\/\/api.w.org\/{rel}","templated":true}]}}