{"id":803,"date":"2023-06-26T21:22:22","date_gmt":"2023-06-27T00:22:22","guid":{"rendered":"https:\/\/ttt.gm360.com.br\/?page_id=803"},"modified":"2024-06-25T07:49:58","modified_gmt":"2024-06-25T10:49:58","slug":"anga-catupei","status":"publish","type":"page","link":"https:\/\/ttt.gm360.com.br\/index.php\/anga-catupei\/","title":{"rendered":"Anga Catupei"},"content":{"rendered":"\t\t<div data-elementor-type=\"wp-page\" data-elementor-id=\"803\" class=\"elementor elementor-803\">\n\t\t\t\t\t\t\t<div class=\"elementor-element elementor-element-732da95e e-flex e-con-boxed e-con\" data-id=\"732da95e\" data-element_type=\"container\" data-settings=\"{&quot;background_background&quot;:&quot;classic&quot;,&quot;content_width&quot;:&quot;boxed&quot;}\">\n\t\t\t\t\t<div class=\"e-con-inner\">\n\t\t<div class=\"elementor-element elementor-element-19a682b2 e-con-full e-flex e-con\" data-id=\"19a682b2\" data-element_type=\"container\" data-settings=\"{&quot;content_width&quot;:&quot;full&quot;}\">\n\t\t\t\t<div class=\"elementor-element elementor-element-35367d21 elementor-widget elementor-widget-image\" data-id=\"35367d21\" data-element_type=\"widget\" data-widget_type=\"image.default\">\n\t\t\t\t<div class=\"elementor-widget-container\">\n\t\t\t<style>\/*! elementor - v3.14.0 - 18-06-2023 *\/\n.elementor-widget-image{text-align:center}.elementor-widget-image a{display:inline-block}.elementor-widget-image a img[src$=\".svg\"]{width:48px}.elementor-widget-image img{vertical-align:middle;display:inline-block}<\/style>\t\t\t\t\t\t\t\t\t\t\t\t<img decoding=\"async\" width=\"116\" height=\"100\" src=\"https:\/\/ttt.gm360.com.br\/wp-content\/uploads\/2023\/06\/logo4.png\" class=\"attachment-large size-large wp-image-6\" alt=\"\" loading=\"lazy\" \/>\t\t\t\t\t\t\t\t\t\t\t\t\t\t\t<\/div>\n\t\t\t\t<\/div>\n\t\t\t\t<\/div>\n\t\t\t\t\t<\/div>\n\t\t\t\t<\/div>\n\t\t<div class=\"elementor-element elementor-element-a04154b e-flex e-con-boxed e-con\" data-id=\"a04154b\" data-element_type=\"container\" data-settings=\"{&quot;content_width&quot;:&quot;boxed&quot;}\">\n\t\t\t\t\t<div class=\"e-con-inner\">\n\t\t\t\t<div class=\"elementor-element elementor-element-4d3dabc elementor-widget elementor-widget-video\" data-id=\"4d3dabc\" data-element_type=\"widget\" data-settings=\"{&quot;youtube_url&quot;:&quot;https:\\\/\\\/www.youtube.com\\\/watch?v=bEtTQ0H1gW4&quot;,&quot;video_type&quot;:&quot;youtube&quot;,&quot;controls&quot;:&quot;yes&quot;}\" data-widget_type=\"video.default\">\n\t\t\t\t<div class=\"elementor-widget-container\">\n\t\t\t<style>\/*! elementor - v3.14.0 - 18-06-2023 *\/\n.elementor-widget-video .elementor-widget-container{overflow:hidden;transform:translateZ(0)}.elementor-widget-video .elementor-wrapper{aspect-ratio:var(--video-aspect-ratio)}.elementor-widget-video .elementor-wrapper iframe,.elementor-widget-video .elementor-wrapper video{height:100%;width:100%;display:flex;border:none;background-color:#000}@supports not (aspect-ratio:1\/1){.elementor-widget-video .elementor-wrapper{position:relative;overflow:hidden;height:0;padding-bottom:calc(100% \/ var(--video-aspect-ratio))}.elementor-widget-video .elementor-wrapper iframe,.elementor-widget-video .elementor-wrapper video{position:absolute;top:0;right:0;bottom:0;left:0}}.elementor-widget-video .elementor-open-inline .elementor-custom-embed-image-overlay{position:absolute;top:0;left:0;width:100%;height:100%;background-size:cover;background-position:50%}.elementor-widget-video .elementor-custom-embed-image-overlay{cursor:pointer;text-align:center}.elementor-widget-video .elementor-custom-embed-image-overlay:hover .elementor-custom-embed-play i{opacity:1}.elementor-widget-video .elementor-custom-embed-image-overlay img{display:block;width:100%}.elementor-widget-video .e-hosted-video .elementor-video{-o-object-fit:cover;object-fit:cover}.e-con-inner>.elementor-widget-video,.e-con>.elementor-widget-video{width:var(--container-widget-width);--flex-grow:var(--container-widget-flex-grow)}<\/style>\t\t<div class=\"elementor-wrapper elementor-open-inline\">\n\t\t\t<div class=\"elementor-video\"><\/div>\t\t<\/div>\n\t\t\t\t<\/div>\n\t\t\t\t<\/div>\n\t\t\t\t\t<\/div>\n\t\t\t\t<\/div>\n\t\t<div class=\"elementor-element elementor-element-914ddf8 e-flex e-con-boxed e-con\" data-id=\"914ddf8\" data-element_type=\"container\" data-settings=\"{&quot;content_width&quot;:&quot;boxed&quot;}\">\n\t\t\t\t\t<div class=\"e-con-inner\">\n\t\t\t\t<div class=\"elementor-element elementor-element-ed1e8a8 elementor-widget elementor-widget-vapfem_audio_player\" data-id=\"ed1e8a8\" data-element_type=\"widget\" data-widget_type=\"vapfem_audio_player.default\">\n\t\t\t\t<div class=\"elementor-widget-container\">\n\t\t\t        <audio\r\n            class=\"vapfem_player vapfem_audio\" \r\n            data-settings='{\"muted\":\"false\",\"seek_time\":10,\"tooltips_seek\":\"true\",\"invertTime\":\"true\",\"speed_selected\":\"1\",\"controls\":[\"play\",\"progress\",\"mute\",\"volume\",\"settings\"],\"debug_mode\":\"false\"}' \r\n                         \r\n            preload=\"upload\"\r\n        >\r\n            <source\r\n                src=\"https:\/\/ttt.gm360.com.br\/wp-content\/uploads\/2023\/07\/videoplayback.mp3\"\r\n                type=\"audio\/mp3\"\r\n            \/>\r\n        <\/audio>\r\n        \t\t<\/div>\n\t\t\t\t<\/div>\n\t\t\t\t\t<\/div>\n\t\t\t\t<\/div>\n\t\t<div class=\"elementor-element elementor-element-41d8fe2a e-flex e-con-boxed e-con\" data-id=\"41d8fe2a\" data-element_type=\"container\" data-settings=\"{&quot;content_width&quot;:&quot;boxed&quot;}\">\n\t\t\t\t\t<div class=\"e-con-inner\">\n\t\t<div class=\"elementor-element elementor-element-36dbce43 e-con-full e-flex e-con\" data-id=\"36dbce43\" data-element_type=\"container\" data-settings=\"{&quot;content_width&quot;:&quot;full&quot;}\">\n\t\t\t\t<div class=\"elementor-element elementor-element-57b540d9 elementor-widget elementor-widget-heading\" data-id=\"57b540d9\" data-element_type=\"widget\" data-widget_type=\"heading.default\">\n\t\t\t\t<div class=\"elementor-widget-container\">\n\t\t\t<style>\/*! elementor - v3.14.0 - 18-06-2023 *\/\n.elementor-heading-title{padding:0;margin:0;line-height:1}.elementor-widget-heading .elementor-heading-title[class*=elementor-size-]>a{color:inherit;font-size:inherit;line-height:inherit}.elementor-widget-heading .elementor-heading-title.elementor-size-small{font-size:15px}.elementor-widget-heading .elementor-heading-title.elementor-size-medium{font-size:19px}.elementor-widget-heading .elementor-heading-title.elementor-size-large{font-size:29px}.elementor-widget-heading .elementor-heading-title.elementor-size-xl{font-size:39px}.elementor-widget-heading .elementor-heading-title.elementor-size-xxl{font-size:59px}<\/style><h2 class=\"elementor-heading-title elementor-size-default\">Anga Catupei (Alma nua) <\/h2>\t\t<\/div>\n\t\t\t\t<\/div>\n\t\t\t\t<\/div>\n\t\t<div class=\"elementor-element elementor-element-6ce5f54f e-con-full e-flex e-con\" data-id=\"6ce5f54f\" data-element_type=\"container\" data-settings=\"{&quot;content_width&quot;:&quot;full&quot;}\">\n\t\t\t\t<div class=\"elementor-element elementor-element-3e3835d9 elementor-widget elementor-widget-text-editor\" data-id=\"3e3835d9\" data-element_type=\"widget\" data-widget_type=\"text-editor.default\">\n\t\t\t\t<div class=\"elementor-widget-container\">\n\t\t\t<style>\/*! elementor - v3.14.0 - 18-06-2023 *\/\n.elementor-widget-text-editor.elementor-drop-cap-view-stacked .elementor-drop-cap{background-color:#69727d;color:#fff}.elementor-widget-text-editor.elementor-drop-cap-view-framed .elementor-drop-cap{color:#69727d;border:3px solid;background-color:transparent}.elementor-widget-text-editor:not(.elementor-drop-cap-view-default) .elementor-drop-cap{margin-top:8px}.elementor-widget-text-editor:not(.elementor-drop-cap-view-default) .elementor-drop-cap-letter{width:1em;height:1em}.elementor-widget-text-editor .elementor-drop-cap{float:left;text-align:center;line-height:1;font-size:50px}.elementor-widget-text-editor .elementor-drop-cap-letter{display:inline-block}<\/style>\t\t\t\t<div data-pm-slice=\"1 1 []\" data-en-clipboard=\"true\">Imagens ind\u00edgenas na cidade que alguns dizem n\u00e3o ter alma<\/div><div>\u00a0<\/div><div>Sil\u00eancio!<\/div><div>\u00a0<\/div><div>Vejam o que para muitos n\u00e3o existe&#8230;<\/div><div>\u00a0<\/div><div>Escutem o sil\u00eancio nativo do profundo das angas (almas) ind\u00edgenas que povoam a ensurdecedora cidade de S\u00e3o Paulo. Vejam imagens invisibilizadas dos Povos Origin\u00e1rios que circulam pela multifacetada Paulic\u00e9ia Desvairada.<\/div><div>\u00a0<\/div><div>Sensibilizem-se com a delicadeza de pigmentos naturais em folhas de plantas lembrando a terra, criando terreno e tornando-se territ\u00f3rios imag\u00e9ticos. Uma polifonia de imagens harm\u00f4nicas e ancestrais ind\u00edgenas florindo a partir do jenipapo.<\/div><div>\u00a0<\/div><div>Sim&#8230; a cidade do Peixe Seco (Piratininga), rebatizada de S\u00e3o Paulo, nunca deixou de ser ind\u00edgena &#8211; uma Tabatatyba Piratininga (Peixe Seco &#8211; Taba de v\u00e1rios povos). Sempre foi e continuar\u00e1 sendo.<\/div><div>\u00a0<\/div><div>Estas s\u00e3o as sensa\u00e7\u00f5es trazidas pela exposi\u00e7\u00e3o terra terreno territ\u00f3rio, da fot\u00f3grafa e artista visual Dani Sandrini. Por meio de seu olhar sens\u00edvel e profundo, a quarta maior cidade ind\u00edgena do Brasil (IBGE, 2010) se revela.<\/div><div>\u00a0<\/div><div>Terra terreno territ\u00f3rio fez-nos vis\u00edveis.<\/div><div>\u00a0<\/div><div>Nas ruas, pra\u00e7as e viadutos da Piratininga vivem e circulam homens e mulheres de ancestralidade ind\u00edgena. Por vezes, foram expulsos ou for\u00e7ados a sa\u00edrem de suas terras natais. A estes, somam-se os nascidos na pr\u00f3pria cidade, onde constitu\u00edram territ\u00f3rios diversos e de fei\u00e7\u00f5es variadas.<\/div><div>\u00a0<\/div><div>As imagens expostas em <i>terra terreno territ\u00f3rio<\/i> expressam (re)exist\u00eancias resistentes a mais de cinco s\u00e9culos de viol\u00eancias, iniciadas pelas invas\u00f5es europ\u00e9ias.<\/div><div>\u00a0<\/div><div>E, mais que isso, ao utilizar elementos naturais em seu trabalho, Dani recorda a sacralidade da natureza para os Povos Origin\u00e1rios. Ela \u00e9 moradia de nossas\/nossos Encantadas\/Encantados, dos Ancestrais e da Espiritualidade. Em tempos em que \u201cecoc\u00eddas\u201d queimam a mata, a exposi\u00e7\u00e3o nos relembra da teia que a tudo nos integra. Somos parte da natureza e ela \u00e9 a nossa energia vital.<\/div><div>\u00a0<\/div><div>S\u00e3o Paulo \u00e9 Ind\u00edgena e por isso falamos: Kuekaturet\u00e9, Dani, por possibilitar alcan\u00e7armos um pouco destes saberes que moram na natureza e habitam nossa ess\u00eancia.<\/div><div>\u00a0<\/div><div>Convido a todos para que enxerguem esta exposi\u00e7\u00e3o com Anga Catupei, com a Alma Nua, despida, limpa.<\/div><div>\u00a0<\/div><div><strong>Cas\u00e9 Angatu Xukuru Tupinamb\u00e1<\/strong><\/div>\t\t\t\t\t\t<\/div>\n\t\t\t\t<\/div>\n\t\t\t\t<\/div>\n\t\t\t\t\t<\/div>\n\t\t\t\t<\/div>\n\t\t\t\t\t\t\t<\/div>\n\t\t","protected":false},"excerpt":{"rendered":"<p>Anga Catupei (Alma nua) Imagens ind\u00edgenas na cidade que alguns dizem n\u00e3o ter alma\u00a0Sil\u00eancio!\u00a0Vejam o que para muitos n\u00e3o existe&#8230;\u00a0Escutem o sil\u00eancio nativo do profundo das angas (almas) ind\u00edgenas que povoam a ensurdecedora cidade de S\u00e3o Paulo. Vejam imagens invisibilizadas dos Povos Origin\u00e1rios que circulam pela multifacetada Paulic\u00e9ia Desvairada.\u00a0Sensibilizem-se com a delicadeza de pigmentos naturais [&hellip;]<\/p>\n","protected":false},"author":1,"featured_media":0,"parent":0,"menu_order":0,"comment_status":"closed","ping_status":"closed","template":"elementor_canvas","meta":[],"_links":{"self":[{"href":"https:\/\/ttt.gm360.com.br\/index.php\/wp-json\/wp\/v2\/pages\/803"}],"collection":[{"href":"https:\/\/ttt.gm360.com.br\/index.php\/wp-json\/wp\/v2\/pages"}],"about":[{"href":"https:\/\/ttt.gm360.com.br\/index.php\/wp-json\/wp\/v2\/types\/page"}],"author":[{"embeddable":true,"href":"https:\/\/ttt.gm360.com.br\/index.php\/wp-json\/wp\/v2\/users\/1"}],"replies":[{"embeddable":true,"href":"https:\/\/ttt.gm360.com.br\/index.php\/wp-json\/wp\/v2\/comments?post=803"}],"version-history":[{"count":19,"href":"https:\/\/ttt.gm360.com.br\/index.php\/wp-json\/wp\/v2\/pages\/803\/revisions"}],"predecessor-version":[{"id":1177,"href":"https:\/\/ttt.gm360.com.br\/index.php\/wp-json\/wp\/v2\/pages\/803\/revisions\/1177"}],"wp:attachment":[{"href":"https:\/\/ttt.gm360.com.br\/index.php\/wp-json\/wp\/v2\/media?parent=803"}],"curies":[{"name":"wp","href":"https:\/\/api.w.org\/{rel}","templated":true}]}}